{"id":858,"date":"2020-08-01T18:42:58","date_gmt":"2020-08-01T14:42:58","guid":{"rendered":"https:\/\/biophile.ca\/?page_id=858"},"modified":"2025-11-13T14:26:15","modified_gmt":"2025-11-13T19:26:15","slug":"publications","status":"publish","type":"page","link":"https:\/\/biophile.ca\/en\/publications\/","title":{"rendered":"Publications"},"content":{"rendered":"<div class=\"wpb-content-wrapper\"><p>[vc_row css_animation=&#8221;&#8221; row_type=&#8221;row&#8221; use_row_as_full_screen_section=&#8221;no&#8221; type=&#8221;grid&#8221; angled_section=&#8221;no&#8221; text_align=&#8221;left&#8221; background_image_as_pattern=&#8221;without_pattern&#8221; z_index=&#8221;&#8221; anchor=&#8221;intro&#8221; padding_top=&#8221;70&#8243;][vc_column width=&#8221;2\/3&#8243;][vc_single_image image=&#8221;4488&#8243; img_size=&#8221;full&#8221; alignment=&#8221;center&#8221; css=&#8221;&#8221; qode_css_animation=&#8221;&#8221;][vc_empty_space height=&#8221;50px&#8221;][\/vc_column][vc_column width=&#8221;1\/3&#8243;][vc_column_text css=&#8221;&#8221;]<strong>Loisirs \u00e0 domicile<br \/>\nUn espace m\u00fbrement r\u00e9fl\u00e9chi<\/strong><br \/>\nPar Emmanuelle Mozayan-Verschaeve<br \/>\nLa Presse, Le 8 novembre 2025[\/vc_column_text][vc_empty_space height=&#8221;30px&#8221;][vc_column_text css=&#8221;&#8221;]L\u2019architecte Julia Lianis, de Biophile architecture, a imagin\u00e9 son aire de loisirs en m\u00eame temps que les plans de construction de sa maison de trois \u00e9tages. \u00ab Elle se trouve au niveau de la rue c\u00f4t\u00e9 nord, c\u2019est important pour ce genre d\u2019espace. La lumi\u00e8re y est indirecte, ce qui s\u2019av\u00e8re int\u00e9ressant pour faire un cin\u00e9ma maison, car les rayons du soleil n\u2019\u00e9blouissent pas l\u2019\u00e9cran, pr\u00e9cise-t-elle. Le second point concerne la salle d\u2019exercice, puisqu\u2019en bougeant, on a chaud, alors un endroit frais est plus ad\u00e9quat. \u00bb Elle a aussi profit\u00e9 de cette organisation au niveau du sol pour mettre une porte-fen\u00eatre qui donne l\u2019impression qu\u2019on \u00e9tire la salle \u00e0 l\u2019ext\u00e9rieur, o\u00f9 la terrasse favorise les activit\u00e9s en plein air.<\/p>\n<p>&nbsp;<\/p>\n<p>Outre ces zones cin\u00e9ma et exercice, l\u2019architecte a int\u00e9gr\u00e9 une table de ping-pong qu\u2019elle peut\u2026[\/vc_column_text][vc_empty_space height=&#8221;40px&#8221;]<a  itemprop=\"url\" href=\"https:\/\/www.lapresse.ca\/maison\/decoration\/2025-11-08\/salles-de-loisirs\/loisirs-a-domicile.php\" target=\"_blank\" data-hover-background-color=\"#58585b\" data-hover-border-color=\"#58585b\" data-hover-color=\"#ffffff\" class=\"qbutton  small center default\" style=\"color: #58585b; border-color: #58585b; background-color:#ffffff;\">READ MORE (IN FRENCH ONLY)<\/a>[vc_empty_space height=&#8221;50px&#8221;][\/vc_column][\/vc_row][vc_row css_animation=&#8221;&#8221; row_type=&#8221;row&#8221; use_row_as_full_screen_section=&#8221;no&#8221; type=&#8221;grid&#8221; angled_section=&#8221;no&#8221; text_align=&#8221;left&#8221; background_image_as_pattern=&#8221;without_pattern&#8221; z_index=&#8221;&#8221;][vc_column][vc_separator type=&#8221;normal&#8221; color=&#8221;#eaeaea&#8221; up=&#8221;10&#8243; down=&#8221;10&#8243;][\/vc_column][\/vc_row][vc_row css_animation=&#8221;&#8221; row_type=&#8221;row&#8221; use_row_as_full_screen_section=&#8221;no&#8221; type=&#8221;grid&#8221; angled_section=&#8221;no&#8221; text_align=&#8221;left&#8221; background_image_as_pattern=&#8221;without_pattern&#8221; z_index=&#8221;&#8221; anchor=&#8221;intro&#8221; padding_top=&#8221;70&#8243;][vc_column width=&#8221;2\/3&#8243;][vc_single_image image=&#8221;3320&#8243; img_size=&#8221;full&#8221; alignment=&#8221;center&#8221; css=&#8221;&#8221; qode_css_animation=&#8221;&#8221;][vc_empty_space height=&#8221;50px&#8221;][\/vc_column][vc_column width=&#8221;1\/3&#8243;][vc_column_text css=&#8221;&#8221;]<strong>Pr\u00e9sentation et consultation publique sur le Plan d&#8217;ensemble du noyau villageois<\/strong><br \/>\nVille de Sainte-Marguerite-du-Lac-Masson<br \/>\nLe jeudi 13 mars 2025 &#8211; 18 h 30<br \/>\nSalle du conseil (88, chemin Masson)[\/vc_column_text][vc_empty_space height=&#8221;30px&#8221;][vc_column_text css=&#8221;&#8221;]La Ville s\u2019est engag\u00e9e dans une d\u00e9marche ambitieuse de revitalisation du noyau villageois qui s&#8217;inscrit dans une vision strat\u00e9gique visant \u00e0 offrir un milieu de vie enrichissant, durable et \u00e0 l\u2019image des aspirations citoyennes.<\/p>\n<p>&nbsp;<\/p>\n<p>Ce moment sera l\u2019occasion de d\u00e9couvrir et d\u2019\u00e9changer sur notre Vision du plan d\u2019ensemble de d\u00e9veloppement du noyau villageois, une pr\u00e9sentation qui sera anim\u00e9e par Mme Julia Lianis, architecte MOAQ.<\/p>\n<p>&nbsp;<\/p>\n<p>Watch the video available online.[\/vc_column_text][vc_empty_space height=&#8221;40px&#8221;]<a  itemprop=\"url\" href=\"https:\/\/lacmasson.com\/services-aux-citoyens\/plan-durbanisme\/rubriques\/consultation-publique-13-mars-2025\" target=\"_blank\" data-hover-background-color=\"#58585b\" data-hover-border-color=\"#58585b\" data-hover-color=\"#ffffff\" class=\"qbutton  small center default\" style=\"color: #58585b; border-color: #58585b; background-color:#ffffff;\">READ MORE (IN FRENCH ONLY)<\/a>[vc_empty_space height=&#8221;50px&#8221;][\/vc_column][\/vc_row][vc_row css_animation=&#8221;&#8221; row_type=&#8221;row&#8221; use_row_as_full_screen_section=&#8221;no&#8221; type=&#8221;grid&#8221; angled_section=&#8221;no&#8221; text_align=&#8221;left&#8221; background_image_as_pattern=&#8221;without_pattern&#8221; z_index=&#8221;&#8221;][vc_column][vc_separator type=&#8221;normal&#8221; color=&#8221;#eaeaea&#8221; up=&#8221;10&#8243; down=&#8221;10&#8243;][\/vc_column][\/vc_row][vc_row css_animation=&#8221;&#8221; row_type=&#8221;row&#8221; use_row_as_full_screen_section=&#8221;no&#8221; type=&#8221;grid&#8221; angled_section=&#8221;no&#8221; text_align=&#8221;left&#8221; background_image_as_pattern=&#8221;without_pattern&#8221; z_index=&#8221;&#8221; anchor=&#8221;intro&#8221; padding_top=&#8221;70&#8243;][vc_column width=&#8221;2\/3&#8243;][vc_single_image image=&#8221;3281&#8243; img_size=&#8221;full&#8221; alignment=&#8221;center&#8221; qode_css_animation=&#8221;&#8221;][vc_empty_space height=&#8221;50px&#8221;][\/vc_column][vc_column width=&#8221;1\/3&#8243;][vc_column_text]<strong>L\u00e0 o\u00f9 La Grive a fait son nid<\/strong><br \/>\nPar Sylvain Sarrazin, La Presse<br \/>\nLe 6 juillet 2024[\/vc_column_text][vc_empty_space height=&#8221;30px&#8221;][vc_column_text]<strong>Des propri\u00e9taires nous ouvrent les portes de leur demeure d\u2019exception, offerte sur le march\u00e9 de la revente.<\/strong><\/p>\n<p>&nbsp;<\/p>\n<p>On trouve de jolis nids douillets et \u00e9cologiques concoct\u00e9s par l\u2019architecte Julia Lianis dans les environs de Sainte-Marguerite-du-Lac-Masson. Notamment La M\u00e9sange et Le Colibri, avec leur design solaire passif, mais aussi La Grive. Or, cette derni\u00e8re, que la professionnelle a habit\u00e9e durant quelques ann\u00e9es, reprend son envol et cherche de nouveaux propri\u00e9taires, pour continuer de la faire chanter.<\/p>\n<p>&nbsp;<\/p>\n<p>Alors qu\u2019elle supervisait divers chantiers de r\u00e9sidences dans les Laurentides, dont ceux&#8230;[\/vc_column_text][vc_empty_space height=&#8221;40px&#8221;]<a  itemprop=\"url\" href=\"https:\/\/www.lapresse.ca\/maison\/immobilier\/2024-07-06\/le-tour-du-proprietaire\/la-ou-la-grive-a-fait-son-nid.php\" target=\"_blank\" data-hover-background-color=\"#58585b\" data-hover-border-color=\"#58585b\" data-hover-color=\"#ffffff\" class=\"qbutton  small center default\" style=\"color: #58585b; border-color: #58585b; background-color:#ffffff;\">READ MORE (IN FRENCH ONLY)<\/a>[vc_empty_space height=&#8221;50px&#8221;][\/vc_column][\/vc_row][vc_row css_animation=&#8221;&#8221; row_type=&#8221;row&#8221; use_row_as_full_screen_section=&#8221;no&#8221; type=&#8221;grid&#8221; angled_section=&#8221;no&#8221; text_align=&#8221;left&#8221; background_image_as_pattern=&#8221;without_pattern&#8221; z_index=&#8221;&#8221;][vc_column][vc_separator type=&#8221;normal&#8221; color=&#8221;#eaeaea&#8221; up=&#8221;10&#8243; down=&#8221;10&#8243;][\/vc_column][\/vc_row][vc_row css_animation=&#8221;&#8221; row_type=&#8221;row&#8221; use_row_as_full_screen_section=&#8221;no&#8221; type=&#8221;grid&#8221; angled_section=&#8221;no&#8221; text_align=&#8221;left&#8221; background_image_as_pattern=&#8221;without_pattern&#8221; z_index=&#8221;&#8221; anchor=&#8221;intro&#8221; padding_top=&#8221;70&#8243;][vc_column width=&#8221;2\/3&#8243;][vc_single_image image=&#8221;2321&#8243; img_size=&#8221;full&#8221; alignment=&#8221;center&#8221; qode_css_animation=&#8221;&#8221;][vc_empty_space height=&#8221;50px&#8221;][\/vc_column][vc_column width=&#8221;1\/3&#8243;][vc_column_text]<strong>The biophilic architecture<br \/>\nby Biophile Architecture<\/strong><br \/>\nBy Julia Lianis<br \/>\nJune 14, 2023[\/vc_column_text][vc_empty_space height=&#8221;30px&#8221;][vc_column_text css=&#8221;.vc_custom_1685711115754{padding-right: -10px !important;}&#8221;]As part of Elles de la Construction\u2019s Sustainable Construction Week, June 12-16, 2023, architect Julia Lianis was a speaker at The biophilic architecture by Biophile Architecture webinar. She explained how to implement an architectural design in the heart of nature, in harmony with the environment, to offer a living space that is bright and open to the outdoors. She also presented a number of custom-built projects that incorporate passive solar design principles, while providing a simple and authentic architecture that reflects Quebec\u2019s unique climate.[\/vc_column_text][vc_empty_space height=&#8221;50px&#8221;][\/vc_column][\/vc_row][vc_row css_animation=&#8221;&#8221; row_type=&#8221;row&#8221; use_row_as_full_screen_section=&#8221;no&#8221; type=&#8221;grid&#8221; angled_section=&#8221;no&#8221; text_align=&#8221;left&#8221; background_image_as_pattern=&#8221;without_pattern&#8221; z_index=&#8221;&#8221;][vc_column][vc_separator type=&#8221;normal&#8221; color=&#8221;#eaeaea&#8221; up=&#8221;10&#8243; down=&#8221;10&#8243;][\/vc_column][\/vc_row][vc_row css_animation=&#8221;&#8221; row_type=&#8221;row&#8221; use_row_as_full_screen_section=&#8221;no&#8221; type=&#8221;grid&#8221; angled_section=&#8221;no&#8221; text_align=&#8221;left&#8221; background_image_as_pattern=&#8221;without_pattern&#8221; z_index=&#8221;&#8221; anchor=&#8221;intro&#8221; padding_top=&#8221;70&#8243;][vc_column width=&#8221;2\/3&#8243;][vc_single_image image=&#8221;2189&#8243; img_size=&#8221;full&#8221; alignment=&#8221;center&#8221; qode_css_animation=&#8221;&#8221;][vc_empty_space height=&#8221;50px&#8221;][\/vc_column][vc_column width=&#8221;1\/3&#8243;][vc_column_text]<strong>Architecture \u00e9cologique : Pour une maison<br \/>\nsaine et respectueuse<\/strong><br \/>\nPar Aur\u00e9lie Moulun, Journal Acc\u00e8s<br \/>\nLe 28 mars 2023[\/vc_column_text][vc_empty_space height=&#8221;30px&#8221;][vc_column_text]Julia Lianis est architecte et propri\u00e9taire de l\u2019entreprise Biophile qui se sp\u00e9cialise dans l\u2019architecture \u00e9cologique. Depuis quelques ann\u00e9es, elle travaille dans les Laurentides \u00e0 cr\u00e9er des lieux d\u2019habitation sains et \u00e9cologiques, en harmonie avec les valeurs de sa client\u00e8le.<\/p>\n<p>&nbsp;<\/p>\n<p>Comment l\u2019architecture peut-elle \u00eatre \u00e9cologique? De fa\u00e7on g\u00e9n\u00e9rale, Mme Lianis croit qu\u2019une habitation est \u00e9cologique lorsqu\u2019elle est construite dans le respect&#8230;[\/vc_column_text][vc_empty_space height=&#8221;40px&#8221;]<a  itemprop=\"url\" href=\"https:\/\/www.journalacces.ca\/cahier-de-la-semaine\/architecture-ecologique-pour-une-maison-saine-et-respectueuse\/\" target=\"_blank\" data-hover-background-color=\"#58585b\" data-hover-border-color=\"#58585b\" data-hover-color=\"#ffffff\" class=\"qbutton  small center default\" style=\"color: #58585b; border-color: #58585b; background-color:#ffffff;\">READ MORE (IN FRENCH ONLY)<\/a>[vc_empty_space height=&#8221;50px&#8221;][\/vc_column][\/vc_row][vc_row css_animation=&#8221;&#8221; row_type=&#8221;row&#8221; use_row_as_full_screen_section=&#8221;no&#8221; type=&#8221;grid&#8221; angled_section=&#8221;no&#8221; text_align=&#8221;left&#8221; background_image_as_pattern=&#8221;without_pattern&#8221; z_index=&#8221;&#8221;][vc_column][vc_separator type=&#8221;normal&#8221; color=&#8221;#eaeaea&#8221; up=&#8221;10&#8243; down=&#8221;10&#8243;][\/vc_column][\/vc_row][vc_row css_animation=&#8221;&#8221; row_type=&#8221;row&#8221; use_row_as_full_screen_section=&#8221;no&#8221; type=&#8221;grid&#8221; angled_section=&#8221;no&#8221; text_align=&#8221;left&#8221; background_image_as_pattern=&#8221;without_pattern&#8221; z_index=&#8221;&#8221; anchor=&#8221;intro&#8221; padding_top=&#8221;70&#8243;][vc_column width=&#8221;2\/3&#8243;][vc_single_image image=&#8221;548&#8243; img_size=&#8221;full&#8221; alignment=&#8221;center&#8221; qode_css_animation=&#8221;&#8221;][vc_empty_space height=&#8221;50px&#8221;][\/vc_column][vc_column width=&#8221;1\/3&#8243;][vc_column_text]<strong>Respirer de l&#8217;air frais, \u00e0 l&#8217;int\u00e9rieur aussi<\/strong><br \/>\nPar Danielle Bonneau, La Presse<br \/>\nLe 13 avril 2020[\/vc_column_text][vc_empty_space height=&#8221;30px&#8221;][vc_column_text]Travaillant sur des projets r\u00e9sidentiels de plus en plus complexes, l\u2019architecte Julia Lianis a eu le go\u00fbt de revenir \u00e0 ce qui la passionne\u00a0: la construction verte. Elle a con\u00e7u une maison accessible tant du point de vue budg\u00e9taire que technologique, o\u00f9 les occupants respireraient aussi bien \u00e0 l\u2019int\u00e9rieur qu\u2019\u00e0 l\u2019ext\u00e9rieur. Voici comment sa vision se concr\u00e9tise, en 12\u00a0points.<\/p>\n<p>&nbsp;<\/p>\n<p>L\u2019architecte Julia Lianis d\u00e9sirait que les occupants aient l\u2019impression d\u2019\u00eatre dehors&#8230;[\/vc_column_text][vc_empty_space height=&#8221;40px&#8221;]<a  itemprop=\"url\" href=\"https:\/\/www.lapresse.ca\/maison\/immobilier\/202004\/01\/01-5267443-respirer-de-lair-frais-a-linterieur-aussi.php\" target=\"_blank\" data-hover-background-color=\"#58585b\" data-hover-border-color=\"#58585b\" data-hover-color=\"#ffffff\" class=\"qbutton  small center default\" style=\"color: #58585b; border-color: #58585b; background-color:#ffffff;\">READ MORE (IN FRENCH ONLY)<\/a>[vc_empty_space height=&#8221;50px&#8221;][\/vc_column][\/vc_row][vc_row css_animation=&#8221;&#8221; row_type=&#8221;row&#8221; use_row_as_full_screen_section=&#8221;no&#8221; type=&#8221;grid&#8221; angled_section=&#8221;no&#8221; text_align=&#8221;left&#8221; background_image_as_pattern=&#8221;without_pattern&#8221; z_index=&#8221;&#8221;][vc_column][vc_separator type=&#8221;normal&#8221; color=&#8221;#eaeaea&#8221; up=&#8221;10&#8243; down=&#8221;10&#8243;][\/vc_column][\/vc_row][vc_row css_animation=&#8221;&#8221; row_type=&#8221;row&#8221; use_row_as_full_screen_section=&#8221;no&#8221; type=&#8221;grid&#8221; angled_section=&#8221;no&#8221; text_align=&#8221;left&#8221; background_image_as_pattern=&#8221;without_pattern&#8221; z_index=&#8221;&#8221; anchor=&#8221;intro&#8221; padding_top=&#8221;50&#8243;][vc_column width=&#8221;2\/3&#8243;][vc_single_image image=&#8221;632&#8243; img_size=&#8221;full&#8221; alignment=&#8221;center&#8221; qode_css_animation=&#8221;&#8221;][vc_empty_space height=&#8221;50px&#8221;][\/vc_column][vc_column width=&#8221;1\/3&#8243;][vc_column_text]<strong>Respirer de l&#8217;air frais, \u00e0 l&#8217;int\u00e9rieur aussi<\/strong><br \/>\nPar Danielle Bonneau, La Presse Plus<br \/>\nLe 4 avril 2020[\/vc_column_text][vc_empty_space height=&#8221;30px&#8221;][vc_column_text]Travaillant sur des projets r\u00e9sidentiels de plus en plus complexes, l\u2019architecte Julia Lianis a eu le go\u00fbt de revenir \u00e0 ce qui la passionne\u00a0: la construction verte. Elle a con\u00e7u une maison accessible tant du point de vue budg\u00e9taire que technologique, o\u00f9 les occupants respireraient aussi bien \u00e0 l\u2019int\u00e9rieur qu\u2019\u00e0 l\u2019ext\u00e9rieur. Voici comment sa vision se concr\u00e9tise, en 12\u00a0points.<\/p>\n<p>&nbsp;<\/p>\n<p>1. L\u2019architecte Julia Lianis d\u00e9sirait que les occupants aient l\u2019impression d\u2019\u00eatre dehors&#8230;[\/vc_column_text][vc_empty_space height=&#8221;40px&#8221;]<a  itemprop=\"url\" href=\"https:\/\/plus.lapresse.ca\/screens\/97ced982-d3db-4beb-97ea-53172190c81c__7C___0.html?utm_medium=Messenger&#038;utm_campaign=Internal+Share&#038;utm_content=Screen&#038;fbclid=IwAR3ngci3RaB1kSl0pd8mgoBWTabNQkUfEwDKozykTLLPiKfPrNdfiL8hguA\" target=\"_blank\" data-hover-background-color=\"#58585b\" data-hover-border-color=\"#58585b\" data-hover-color=\"#ffffff\" class=\"qbutton  small center default\" style=\"color: #58585b; border-color: #58585b; background-color:#ffffff;\">READ MORE (IN FRENCH ONLY)<\/a>[vc_empty_space height=&#8221;50px&#8221;][\/vc_column][\/vc_row][vc_row css_animation=&#8221;&#8221; row_type=&#8221;row&#8221; use_row_as_full_screen_section=&#8221;no&#8221; type=&#8221;grid&#8221; angled_section=&#8221;no&#8221; text_align=&#8221;left&#8221; background_image_as_pattern=&#8221;without_pattern&#8221; z_index=&#8221;&#8221;][vc_column][vc_separator type=&#8221;normal&#8221; color=&#8221;#eaeaea&#8221; up=&#8221;10&#8243; down=&#8221;10&#8243;][\/vc_column][\/vc_row][vc_row css_animation=&#8221;&#8221; row_type=&#8221;row&#8221; use_row_as_full_screen_section=&#8221;no&#8221; type=&#8221;grid&#8221; angled_section=&#8221;no&#8221; text_align=&#8221;left&#8221; background_image_as_pattern=&#8221;without_pattern&#8221; z_index=&#8221;&#8221; anchor=&#8221;intro&#8221; padding_top=&#8221;50&#8243;][vc_column width=&#8221;2\/3&#8243;][vc_single_image image=&#8221;550&#8243; img_size=&#8221;full&#8221; alignment=&#8221;center&#8221; qode_css_animation=&#8221;&#8221;][vc_empty_space height=&#8221;50px&#8221;][\/vc_column][vc_column width=&#8221;1\/3&#8243;][vc_column_text]<strong>Innovation en architecture\u00a0: sortir du cadre<\/strong><br \/>\nPar Martine Roux, Magazine Esquisses<br \/>\n\u00c9t\u00e9 2018[\/vc_column_text][vc_empty_space height=&#8221;30px&#8221;][vc_column_text]<strong>Innover \u00e0 petits pas<\/strong><\/p>\n<p>&nbsp;<\/p>\n<p>B\u00e2tir le consensus, c\u2019est aussi le r\u00f4le de Julia Lianis, architecte chez Rayside Labossi\u00e8re, o\u00f9 on a cr\u00e9\u00e9 pour elle le poste de directrice de l\u2019innovation il y a un peu plus d\u2019un an. \u00ab Mon titre est li\u00e9 \u00e0 ma personnalit\u00e9, car j\u2019aime repenser les fa\u00e7ons de faire, raconte-t-elle d\u2019un ton enjou\u00e9. \u00c7a prenait \u00e9galement quelqu\u2019un qui tranche les diff\u00e9rends au sein de l\u2019\u00e9quipe pour trouver le compromis. C\u2019est aussi \u00e7a, l\u2019innovation. \u00bb&#8230;[\/vc_column_text][vc_empty_space height=&#8221;40px&#8221;]<a  itemprop=\"url\" href=\"https:\/\/www.oaq.com\/article-magazine\/innovation-en-architecture-sortir-du-cadre\/\" target=\"_blank\" data-hover-background-color=\"#58585b\" data-hover-border-color=\"#58585b\" data-hover-color=\"#ffffff\" class=\"qbutton  small center default\" style=\"color: #58585b; border-color: #58585b; background-color:#ffffff;\">READ MORE (IN FRENCH ONLY)<\/a>[vc_empty_space height=&#8221;50px&#8221;][\/vc_column][\/vc_row][vc_row css_animation=&#8221;&#8221; row_type=&#8221;row&#8221; use_row_as_full_screen_section=&#8221;no&#8221; type=&#8221;grid&#8221; angled_section=&#8221;no&#8221; text_align=&#8221;left&#8221; background_image_as_pattern=&#8221;without_pattern&#8221; z_index=&#8221;&#8221;][vc_column][vc_separator type=&#8221;normal&#8221; color=&#8221;#eaeaea&#8221; up=&#8221;10&#8243; down=&#8221;10&#8243;][\/vc_column][\/vc_row][vc_row css_animation=&#8221;&#8221; row_type=&#8221;row&#8221; use_row_as_full_screen_section=&#8221;no&#8221; type=&#8221;grid&#8221; angled_section=&#8221;no&#8221; text_align=&#8221;left&#8221; background_image_as_pattern=&#8221;without_pattern&#8221; z_index=&#8221;&#8221; anchor=&#8221;intro&#8221; padding_top=&#8221;50&#8243;][vc_column width=&#8221;2\/3&#8243;][vc_single_image image=&#8221;544&#8243; img_size=&#8221;full&#8221; alignment=&#8221;center&#8221; qode_css_animation=&#8221;&#8221;][vc_empty_space height=&#8221;50px&#8221;][\/vc_column][vc_column width=&#8221;1\/3&#8243;][vc_column_text]<strong>Entrevue avec Julia Lianis sur l&#8217;innovation en architecture<\/strong><br \/>\nPar Julie Delisle, Beeye<br \/>\nLe 10 novembre 2017[\/vc_column_text][vc_empty_space height=&#8221;30px&#8221;][vc_column_text]Chez Beeye, nous sommes fiers de nos clients. Aujourd\u2019hui, nous vous pr\u00e9sentons Julia Lianis, architecte et directrice de l&#8217;innovation chez Rayside Labossi\u00e8re, une agence d\u2019architecture inspirante qui poss\u00e8de un volet social au c\u0153ur de sa vision.<\/p>\n<p>&nbsp;<\/p>\n<p>Peux-tu me parler un peu de ton parcours avant ton arriv\u00e9e chez Rayside Labossi\u00e8re? J\u2019ai \u00e9tudi\u00e9 \u00e0 l\u2019Universit\u00e9 de Montr\u00e9al en&#8230;[\/vc_column_text][vc_empty_space height=&#8221;70px&#8221;][\/vc_column][\/vc_row]<\/p>\n<\/div>","protected":false},"excerpt":{"rendered":"<p>[vc_row css_animation=&#8221;&#8221; row_type=&#8221;row&#8221; use_row_as_full_screen_section=&#8221;no&#8221; type=&#8221;grid&#8221; angled_section=&#8221;no&#8221; text_align=&#8221;left&#8221; background_image_as_pattern=&#8221;without_pattern&#8221; z_index=&#8221;&#8221; anchor=&#8221;intro&#8221; padding_top=&#8221;70&#8243;][vc_column width=&#8221;2\/3&#8243;][vc_single_image image=&#8221;4488&#8243; img_size=&#8221;full&#8221; alignment=&#8221;center&#8221; css=&#8221;&#8221; qode_css_animation=&#8221;&#8221;][vc_empty_space height=&#8221;50px&#8221;][\/vc_column][vc_column width=&#8221;1\/3&#8243;][vc_column_text css=&#8221;&#8221;]Loisirs \u00e0 domicile Un espace m\u00fbrement r\u00e9fl\u00e9chi Par Emmanuelle Mozayan-Verschaeve La Presse, Le 8 novembre 2025[\/vc_column_text][vc_empty_space height=&#8221;30px&#8221;][vc_column_text css=&#8221;&#8221;]L\u2019architecte Julia Lianis, de Biophile architecture, a imagin\u00e9 son&#8230;<\/p>\n","protected":false},"author":1,"featured_media":0,"parent":0,"menu_order":0,"comment_status":"closed","ping_status":"closed","template":"full_width.php","meta":{"footnotes":""},"class_list":["post-858","page","type-page","status-publish","hentry"],"_links":{"self":[{"href":"https:\/\/biophile.ca\/en\/wp-json\/wp\/v2\/pages\/858","targetHints":{"allow":["GET"]}}],"collection":[{"href":"https:\/\/biophile.ca\/en\/wp-json\/wp\/v2\/pages"}],"about":[{"href":"https:\/\/biophile.ca\/en\/wp-json\/wp\/v2\/types\/page"}],"author":[{"embeddable":true,"href":"https:\/\/biophile.ca\/en\/wp-json\/wp\/v2\/users\/1"}],"replies":[{"embeddable":true,"href":"https:\/\/biophile.ca\/en\/wp-json\/wp\/v2\/comments?post=858"}],"version-history":[{"count":23,"href":"https:\/\/biophile.ca\/en\/wp-json\/wp\/v2\/pages\/858\/revisions"}],"predecessor-version":[{"id":4490,"href":"https:\/\/biophile.ca\/en\/wp-json\/wp\/v2\/pages\/858\/revisions\/4490"}],"wp:attachment":[{"href":"https:\/\/biophile.ca\/en\/wp-json\/wp\/v2\/media?parent=858"}],"curies":[{"name":"wp","href":"https:\/\/api.w.org\/{rel}","templated":true}]}}