{"id":820,"date":"2020-07-31T19:12:28","date_gmt":"2020-07-31T15:12:28","guid":{"rendered":"https:\/\/biophile.ca\/?page_id=820"},"modified":"2025-12-08T11:43:12","modified_gmt":"2025-12-08T16:43:12","slug":"about","status":"publish","type":"page","link":"https:\/\/biophile.ca\/en\/about\/","title":{"rendered":"About"},"content":{"rendered":"<div class=\"wpb-content-wrapper\"><p>[vc_row css_animation=&#8221;&#8221; row_type=&#8221;row&#8221; use_row_as_full_screen_section=&#8221;no&#8221; type=&#8221;grid&#8221; angled_section=&#8221;no&#8221; text_align=&#8221;left&#8221; background_image_as_pattern=&#8221;without_pattern&#8221; z_index=&#8221;&#8221; padding_top=&#8221;70&#8243; anchor=&#8221;intro&#8221;][vc_column][vc_column_text]<\/p>\n<h1><strong>Biophile<\/strong><\/h1>\n<p>[\/vc_column_text][vc_empty_space height=&#8221;4px&#8221;][vc_column_text css=&#8221;&#8221;]<\/p>\n<h2>[Bio (life) + phile (who loves) = Who loves life]<\/h2>\n<p>[\/vc_column_text][vc_empty_space height=&#8221;30px&#8221;][vc_column_text css=&#8221;&#8221;]Biophile implements an architecture in the heart of nature, in harmony with the environment, in order to offer a bright living space open to the outside. The projects, under the custom formula, integrate the principles of passive solar design while offering a simple and authentic architecture reflecting the particular climate of Quebec.[\/vc_column_text][vc_empty_space height=&#8221;70px&#8221;][\/vc_column][\/vc_row][vc_row css_animation=&#8221;&#8221; row_type=&#8221;row&#8221; use_row_as_full_screen_section=&#8221;no&#8221; type=&#8221;grid&#8221; angled_section=&#8221;no&#8221; text_align=&#8221;left&#8221; background_image_as_pattern=&#8221;without_pattern&#8221; z_index=&#8221;&#8221;][vc_column width=&#8221;1\/2&#8243; el_class=&#8221;custom_implantation&#8221;]<div class='q_icon_with_title medium custom_icon_image '><div class=\"icon_holder \" style=\" \"><img decoding=\"async\" src=\"https:\/\/biophile.ca\/wp-content\/uploads\/2025\/12\/tisse-au-territoire.jpg\" alt=\"\"><\/div><div class=\"icon_text_holder\" style=\"\"><div class=\"icon_text_inner\" style=\"\"><h3 class=\"icon_title\" style=\"color: #58585b;font-weight: 300;\"><strong>WOVEN INTO THE TERRITORY<\/strong><\/h3><div class=\"separator small left\" style=\"height: 2px;background-color: #00000000;width: 20px;margin-bottom: -40px;\"><\/div><p style='color: #58585b'>The architectural approach blends naturally into the environment, in continuity with the landscape, the local fabric, and the community. Each intervention reinforces the territory's coherence and highlights its identity.<\/p><\/div><\/div><\/div>[\/vc_column][vc_column width=&#8221;1\/2&#8243; el_class=&#8221;custom_enveloppe&#8221;]<div class='q_icon_with_title medium custom_icon_image '><div class=\"icon_holder \" style=\" \"><img decoding=\"async\" src=\"https:\/\/biophile.ca\/wp-content\/uploads\/2019\/11\/Site.jpg\" alt=\"Ic\u00f4ne pour illustrer l&#039;implantation du site\"><\/div><div class=\"icon_text_holder\" style=\"\"><div class=\"icon_text_inner\" style=\"\"><h3 class=\"icon_title\" style=\"color: #58585b;font-weight: 300;\"><strong>IMPLEMENTATION<\/strong><\/h3><div class=\"separator small left\" style=\"height: 2px;background-color: #56030300;width: 20px;margin-bottom: -40px;\"><\/div><p style='color: #58585b'>The implementation of a project aims to respect the ecosystem in place, namely sensitive environments, existing trees, and vegetation. The project is deposited on the site according to its topography, allowing the natural flow of rainwater. The orientation of the project is determined according to the principles of passive solar design.<\/p><\/div><\/div><\/div>[\/vc_column][\/vc_row][vc_row css_animation=&#8221;&#8221; row_type=&#8221;row&#8221; use_row_as_full_screen_section=&#8221;no&#8221; type=&#8221;full_width&#8221; angled_section=&#8221;no&#8221; text_align=&#8221;left&#8221; background_image_as_pattern=&#8221;without_pattern&#8221;][vc_column][vc_empty_space height=&#8221;50px&#8221;][\/vc_column][\/vc_row][vc_row css_animation=&#8221;&#8221; row_type=&#8221;row&#8221; use_row_as_full_screen_section=&#8221;no&#8221; type=&#8221;grid&#8221; angled_section=&#8221;no&#8221; text_align=&#8221;left&#8221; background_image_as_pattern=&#8221;without_pattern&#8221; z_index=&#8221;&#8221;][vc_column width=&#8221;1\/2&#8243; el_class=&#8221;custom_materiaux&#8221;]<div class='q_icon_with_title medium custom_icon_image '><div class=\"icon_holder \" style=\" \"><img decoding=\"async\" src=\"https:\/\/biophile.ca\/wp-content\/uploads\/2019\/11\/Contemporain.jpg\" alt=\"Ic\u00f4ne pour illustrer l&#039;architecture contemporaine\"><\/div><div class=\"icon_text_holder\" style=\"\"><div class=\"icon_text_inner\" style=\"\"><h3 class=\"icon_title\" style=\"color: #58585b;font-weight: 300;\"><strong>CONTEMPORARY ARCHITECTURE<\/strong><\/h3><div class=\"separator small left\" style=\"height: 2px;background-color: #00000000;width: 20px;margin-bottom: -40px;\"><\/div><p style='color: #58585b'>The architecture with streamlined design and volumes meets the expectations of the current era where space, flexibility and brightness promote an inspiring living space and well-being at home.<\/p><\/div><\/div><\/div>[\/vc_column][vc_column width=&#8221;1\/2&#8243; el_class=&#8221;custom_efficacite&#8221;]<div class='q_icon_with_title medium custom_icon_image '><div class=\"icon_holder \" style=\" \"><img decoding=\"async\" src=\"https:\/\/biophile.ca\/wp-content\/uploads\/2025\/12\/a-echelle-humaine.jpg\" alt=\"\"><\/div><div class=\"icon_text_holder\" style=\"\"><div class=\"icon_text_inner\" style=\"\"><h3 class=\"icon_title\" style=\"color: #58585b;font-weight: 300;\"><strong>ON A HUMAN SCALE<\/strong><\/h3><div class=\"separator small left\" style=\"height: 2px;background-color: #00000000;width: 20px;margin-bottom: -40px;\"><\/div><p style='color: #58585b'>Sensitive architecture focuses on well-being and comfort, prioritizing an intimate relationship with space while encouraging residents to make the living space their own.<\/p><\/div><\/div><\/div>[\/vc_column][\/vc_row][vc_row css_animation=&#8221;&#8221; row_type=&#8221;row&#8221; use_row_as_full_screen_section=&#8221;no&#8221; type=&#8221;full_width&#8221; angled_section=&#8221;no&#8221; text_align=&#8221;left&#8221; background_image_as_pattern=&#8221;without_pattern&#8221;][vc_column][vc_empty_space height=&#8221;50px&#8221;][\/vc_column][\/vc_row][vc_row css_animation=&#8221;&#8221; row_type=&#8221;row&#8221; use_row_as_full_screen_section=&#8221;no&#8221; type=&#8221;grid&#8221; angled_section=&#8221;no&#8221; text_align=&#8221;left&#8221; background_image_as_pattern=&#8221;without_pattern&#8221; z_index=&#8221;&#8221;][vc_column width=&#8221;1\/2&#8243; el_class=&#8221;custom_lien&#8221;]<div class='q_icon_with_title medium custom_icon_image '><div class=\"icon_holder \" style=\" \"><img decoding=\"async\" src=\"https:\/\/biophile.ca\/wp-content\/uploads\/2019\/11\/Nature.jpg\" alt=\"Ic\u00f4ne pour illustrer le lien avec la nature\"><\/div><div class=\"icon_text_holder\" style=\"\"><div class=\"icon_text_inner\" style=\"\"><h3 class=\"icon_title\" style=\"color: #58585b;font-weight: 300;\"><strong>LINK WITH NATURE<\/strong><\/h3><div class=\"separator small left\" style=\"height: 2px;background-color: #00000000;width: 20px;margin-bottom: -40px;\"><\/div><p style='color: #58585b'>Contact with nature is prioritized by the extension of interior spaces to the exterior, abundant light, spectacular views of the landscape as well as noble and authentic materiality.<\/p><\/div><\/div><\/div>[vc_empty_space height=&#8221;30px&#8221;][\/vc_column][vc_column width=&#8221;1\/2&#8243; el_class=&#8221;custom_architecture&#8221;]<div class='q_icon_with_title medium custom_icon_image '><div class=\"icon_holder \" style=\" \"><img decoding=\"async\" src=\"https:\/\/biophile.ca\/wp-content\/uploads\/2019\/11\/Enveloppe.jpg\" alt=\"Ic\u00f4ne pour illustrer l&#039;enveloppe d&#039;un b\u00e2timent\"><\/div><div class=\"icon_text_holder\" style=\"\"><div class=\"icon_text_inner\" style=\"\"><h3 class=\"icon_title\" style=\"color: #58585b;font-weight: 300;\"><strong>ENVELOPE<\/strong><\/h3><div class=\"separator small left\" style=\"height: 2px;background-color: #00000000;width: 20px;margin-bottom: -40px;\"><\/div><p style='color: #58585b'>The harsh climate requires efficient insulation of the interior and exterior interfaces, namely the slab on the ground, the exterior walls and the roof. The principles of passive solar design maximize the openings on the southern facade to take advantage of solar energy in order to make thermal gains in winter.<\/p><\/div><\/div><\/div>[vc_empty_space height=&#8221;65px&#8221;][\/vc_column][\/vc_row][vc_row css_animation=&#8221;&#8221; row_type=&#8221;row&#8221; use_row_as_full_screen_section=&#8221;no&#8221; type=&#8221;full_width&#8221; angled_section=&#8221;no&#8221; text_align=&#8221;left&#8221; background_image_as_pattern=&#8221;without_pattern&#8221;][vc_column][vc_empty_space height=&#8221;30px&#8221;][\/vc_column][\/vc_row][vc_row css_animation=&#8221;&#8221; row_type=&#8221;row&#8221; use_row_as_full_screen_section=&#8221;no&#8221; type=&#8221;grid&#8221; angled_section=&#8221;no&#8221; text_align=&#8221;left&#8221; background_image_as_pattern=&#8221;without_pattern&#8221; z_index=&#8221;&#8221;][vc_column width=&#8221;1\/2&#8243; el_class=&#8221;custom_lien&#8221;]<div class='q_icon_with_title medium custom_icon_image '><div class=\"icon_holder \" style=\" \"><img decoding=\"async\" src=\"https:\/\/biophile.ca\/wp-content\/uploads\/2019\/11\/Efficacite.jpg\" alt=\"Ic\u00f4ne pour illustrer l&#039;efficacit\u00e9 \u00e9nerg\u00e9tique\"><\/div><div class=\"icon_text_holder\" style=\"\"><div class=\"icon_text_inner\" style=\"\"><h3 class=\"icon_title\" style=\"color: #58585b;font-weight: 300;\"><strong>ENERGY EFFICIENCY<\/strong><\/h3><div class=\"separator small left\" style=\"height: 2px;background-color: #00000000;width: 20px;margin-bottom: -40px;\"><\/div><p style='color: #58585b'>The reduction at source is the easiest way to build ecologically. The volume of a project offers a reasonable usable area and the mechanical systems are reduced thanks to the passive solar design, a high-performance envelope and efficient natural ventilation.<\/p><\/div><\/div><\/div>[vc_empty_space height=&#8221;30px&#8221;][\/vc_column][vc_column width=&#8221;1\/2&#8243; el_class=&#8221;custom_architecture&#8221;]<div class='q_icon_with_title medium custom_icon_image '><div class=\"icon_holder \" style=\" \"><img decoding=\"async\" src=\"https:\/\/biophile.ca\/wp-content\/uploads\/2019\/11\/Materiaux.jpg\" alt=\"Ic\u00f4ne pour illustrer les mat\u00e9riaux utilis\u00e9s dans la conception du b\u00e2timent\"><\/div><div class=\"icon_text_holder\" style=\"\"><div class=\"icon_text_inner\" style=\"\"><h3 class=\"icon_title\" style=\"color: #58585b;font-weight: 300;\"><strong>MATERIALS<\/strong><\/h3><div class=\"separator small left\" style=\"height: 2px;background-color: #00000000;width: 20px;margin-bottom: -40px;\"><\/div><p style='color: #58585b'>The materials prioritized in the construction of a project are made from natural components, are local and contain recycled materials with the aim of creating an eco-responsible and healthy living space.<\/p><\/div><\/div><\/div>[\/vc_column][\/vc_row][vc_row css_animation=&#8221;&#8221; row_type=&#8221;row&#8221; use_row_as_full_screen_section=&#8221;no&#8221; type=&#8221;full_width&#8221; angled_section=&#8221;no&#8221; text_align=&#8221;left&#8221; background_image_as_pattern=&#8221;without_pattern&#8221;][vc_column][vc_empty_space height=&#8221;50px&#8221;][\/vc_column][\/vc_row][vc_column][\/vc_column]<\/p>\n<\/div>","protected":false},"excerpt":{"rendered":"<p>[vc_row css_animation=&#8221;&#8221; row_type=&#8221;row&#8221; use_row_as_full_screen_section=&#8221;no&#8221; type=&#8221;grid&#8221; angled_section=&#8221;no&#8221; text_align=&#8221;left&#8221; background_image_as_pattern=&#8221;without_pattern&#8221; z_index=&#8221;&#8221; padding_top=&#8221;70&#8243; anchor=&#8221;intro&#8221;][vc_column][vc_column_text] Biophile [\/vc_column_text][vc_empty_space height=&#8221;4px&#8221;][vc_column_text css=&#8221;&#8221;] [Bio (life) + phile (who loves) = Who loves life] [\/vc_column_text][vc_empty_space height=&#8221;30px&#8221;][vc_column_text css=&#8221;&#8221;]Biophile implements an architecture in the heart of nature, in harmony with the environment, in order to offer&#8230;<\/p>\n","protected":false},"author":1,"featured_media":0,"parent":0,"menu_order":0,"comment_status":"closed","ping_status":"closed","template":"full_width.php","meta":{"footnotes":""},"class_list":["post-820","page","type-page","status-publish","hentry"],"_links":{"self":[{"href":"https:\/\/biophile.ca\/en\/wp-json\/wp\/v2\/pages\/820","targetHints":{"allow":["GET"]}}],"collection":[{"href":"https:\/\/biophile.ca\/en\/wp-json\/wp\/v2\/pages"}],"about":[{"href":"https:\/\/biophile.ca\/en\/wp-json\/wp\/v2\/types\/page"}],"author":[{"embeddable":true,"href":"https:\/\/biophile.ca\/en\/wp-json\/wp\/v2\/users\/1"}],"replies":[{"embeddable":true,"href":"https:\/\/biophile.ca\/en\/wp-json\/wp\/v2\/comments?post=820"}],"version-history":[{"count":22,"href":"https:\/\/biophile.ca\/en\/wp-json\/wp\/v2\/pages\/820\/revisions"}],"predecessor-version":[{"id":4634,"href":"https:\/\/biophile.ca\/en\/wp-json\/wp\/v2\/pages\/820\/revisions\/4634"}],"wp:attachment":[{"href":"https:\/\/biophile.ca\/en\/wp-json\/wp\/v2\/media?parent=820"}],"curies":[{"name":"wp","href":"https:\/\/api.w.org\/{rel}","templated":true}]}}