{"id":2624,"date":"2024-02-11T16:20:49","date_gmt":"2024-02-11T12:20:49","guid":{"rendered":"https:\/\/biophile.ca\/?page_id=2624"},"modified":"2025-10-02T12:58:17","modified_gmt":"2025-10-02T17:58:17","slug":"la-grive-project","status":"publish","type":"page","link":"https:\/\/biophile.ca\/en\/la-grive-project\/","title":{"rendered":"La Grive"},"content":{"rendered":"<div class=\"wpb-content-wrapper\"><p>[vc_row css_animation=&#8221;&#8221; row_type=&#8221;row&#8221; use_row_as_full_screen_section=&#8221;no&#8221; type=&#8221;full_width&#8221; angled_section=&#8221;no&#8221; text_align=&#8221;left&#8221; background_image_as_pattern=&#8221;without_pattern&#8221; z_index=&#8221;&#8221; anchor=&#8221;intro&#8221;][vc_column][vc_empty_space height=&#8221;50px&#8221; el_class=&#8221;custom-space-project&#8221;][\/vc_column][\/vc_row][vc_row css_animation=&#8221;&#8221; row_type=&#8221;row&#8221; use_row_as_full_screen_section=&#8221;no&#8221; type=&#8221;grid&#8221; angled_section=&#8221;no&#8221; text_align=&#8221;left&#8221; background_image_as_pattern=&#8221;without_pattern&#8221; css=&#8221;.vc_custom_1633296275707{margin-top: -50px !important;}&#8221; z_index=&#8221;&#8221; el_class=&#8221;custom_left_align_mob&#8221; padding_top=&#8221;50&#8243;][vc_column width=&#8221;1\/2&#8243;][vc_column_text]<strong>129 des Quatre-vents Street (dead-end street)<\/strong><br \/>\n<strong>Sainte-Marguerite-du-Lac-Masson, Quebec\u00a0\u00a0J0T 1L0<\/strong>[\/vc_column_text][vc_empty_space height=&#8221;47px&#8221;][vc_column_text el_class=&#8221;custom_montreal&#8221;]<strong>One hour from Montreal<\/strong>[\/vc_column_text][vc_column_text el_class=&#8221;custom_montreal&#8221;]<strong>Privileged access to Lac Pich\u00e9<\/strong>[\/vc_column_text][vc_empty_space height=&#8221;30px&#8221;][\/vc_column][vc_column width=&#8221;1\/2&#8243; el_class=&#8221;custom_prix&#8221;][vc_column_text el_class=&#8221;custom_prix_mob&#8221;]<\/p>\n<p style=\"text-align: right;\"><span style=\"color: #000;\"><strong>PANORAMIC VIEW<\/strong><br \/>\n<strong>1 ACRE OF LAND<\/strong><\/span><\/p>\n<p>[\/vc_column_text][vc_empty_space height=&#8221;12px&#8221;][vc_row_inner row_type=&#8221;row&#8221; type=&#8221;full_width&#8221; text_align=&#8221;left&#8221; css_animation=&#8221;&#8221;][vc_column_inner width=&#8221;1\/4&#8243;][\/vc_column_inner][vc_column_inner width=&#8221;1\/4&#8243; css=&#8221;.vc_custom_1574796724314{margin-left: px !important;}&#8221; offset=&#8221;vc_col-xs-4&#8243;]<div class='q_icon_with_title small custom_icon_image right '><div class=\"icon_holder \" style=\" \"><img decoding=\"async\" src=\"https:\/\/biophile.ca\/wp-content\/uploads\/2019\/11\/CAC.jpg\" alt=\"Ic\u00f4ne pour identifier le nombre de chambres \u00e0 coucher\"><\/div><div class=\"icon_text_holder\" style=\"\"><div class=\"icon_text_inner\" style=\"\"><h4 class=\"icon_title\" style=\"\"><strong>4<\/strong><\/h4><p style=''><\/p><\/div><\/div><\/div>[\/vc_column_inner][vc_column_inner width=&#8221;1\/4&#8243; css=&#8221;.vc_custom_1574796734750{margin-left: px !important;}&#8221; offset=&#8221;vc_col-xs-4&#8243;]<div class='q_icon_with_title small custom_icon_image right '><div class=\"icon_holder \" style=\" \"><img decoding=\"async\" src=\"https:\/\/biophile.ca\/wp-content\/uploads\/2019\/11\/SDB.jpg\" alt=\"Ic\u00f4ne pour identifier le nombre de salles de bain\"><\/div><div class=\"icon_text_holder\" style=\"\"><div class=\"icon_text_inner\" style=\"\"><h4 class=\"icon_title\" style=\"color: #58585c;\"><strong>3<\/strong><\/h4><p style=''><\/p><\/div><\/div><\/div>[\/vc_column_inner][vc_column_inner width=&#8221;1\/4&#8243; offset=&#8221;vc_col-xs-4&#8243;]<div class='q_icon_with_title tiny custom_icon_image right '><div class=\"icon_holder \" style=\" \"><img decoding=\"async\" src=\"https:\/\/biophile.ca\/wp-content\/uploads\/2019\/11\/Etages.jpg\" alt=\"Ic\u00f4ne pour identifier le nombre d&#039;\u00e9tages du b\u00e2timent\"><\/div><div class=\"icon_text_holder\" style=\"\"><div class=\"icon_text_inner\" style=\"\"><h4 class=\"icon_title\" style=\"color: #58585c;\"><strong>3<\/strong><\/h4><p style=''><\/p><\/div><\/div><\/div>[\/vc_column_inner][\/vc_row_inner][vc_empty_space height=&#8221;15px&#8221;][vc_row_inner row_type=&#8221;row&#8221; type=&#8221;full_width&#8221; text_align=&#8221;right&#8221; css_animation=&#8221;&#8221; el_class=&#8221;custom_qbutton_left_align_mob&#8221;][vc_column_inner][vc_column_text el_class=&#8221;custom_montreal&#8221;]<span style=\"color: #8cc63e;\"><a href=\"https:\/\/biophile.ca\/en\/la-grive-access-to-lac-piche\/\"><strong>SEE ACCESS TO LAC PICH\u00c9<\/strong><\/a><\/span>[\/vc_column_text][\/vc_column_inner][\/vc_row_inner][\/vc_column][\/vc_row][vc_row css_animation=&#8221;&#8221; row_type=&#8221;row&#8221; use_row_as_full_screen_section=&#8221;no&#8221; type=&#8221;grid&#8221; angled_section=&#8221;no&#8221; text_align=&#8221;left&#8221; background_image_as_pattern=&#8221;without_pattern&#8221; z_index=&#8221;&#8221; anchor=&#8221;intro&#8221;][vc_column][vc_empty_space height=&#8221;30px&#8221; el_class=&#8221;custom-space-project&#8221;][vc_column_text]<strong>Summer season<\/strong>[\/vc_column_text][vc_empty_space height=&#8221;20px&#8221; el_class=&#8221;custom-space-project&#8221;][\/vc_column][\/vc_row][vc_row css_animation=&#8221;&#8221; row_type=&#8221;row&#8221; use_row_as_full_screen_section=&#8221;no&#8221; type=&#8221;grid&#8221; angled_section=&#8221;no&#8221; text_align=&#8221;left&#8221; background_image_as_pattern=&#8221;without_pattern&#8221; z_index=&#8221;&#8221; el_class=&#8221;full_width_mobile&#8221;][vc_column][layerslider_vc id=&#8221;13&#8243;][vc_empty_space height=&#8221;160px&#8221; el_class=&#8221;custom_space_layerslider&#8221;][\/vc_column][\/vc_row][vc_row css_animation=&#8221;&#8221; row_type=&#8221;row&#8221; use_row_as_full_screen_section=&#8221;no&#8221; type=&#8221;grid&#8221; angled_section=&#8221;no&#8221; text_align=&#8221;left&#8221; background_image_as_pattern=&#8221;without_pattern&#8221; z_index=&#8221;&#8221; anchor=&#8221;intro&#8221;][vc_column][vc_column_text]<strong>Winter season<\/strong>[\/vc_column_text][vc_empty_space height=&#8221;20px&#8221; el_class=&#8221;custom_imageslider_empty_space&#8221;][\/vc_column][\/vc_row][vc_row css_animation=&#8221;&#8221; row_type=&#8221;row&#8221; use_row_as_full_screen_section=&#8221;no&#8221; type=&#8221;grid&#8221; angled_section=&#8221;no&#8221; text_align=&#8221;left&#8221; background_image_as_pattern=&#8221;without_pattern&#8221; z_index=&#8221;&#8221; el_class=&#8221;full_width_mobile&#8221;][vc_column][layerslider_vc id=&#8221;11&#8243;][vc_empty_space height=&#8221;160px&#8221; el_class=&#8221;custom_space_layerslider&#8221;][\/vc_column][\/vc_row][vc_row css_animation=&#8221;&#8221; row_type=&#8221;row&#8221; use_row_as_full_screen_section=&#8221;no&#8221; type=&#8221;grid&#8221; angled_section=&#8221;no&#8221; text_align=&#8221;left&#8221; background_image_as_pattern=&#8221;without_pattern&#8221; z_index=&#8221;&#8221; css=&#8221;.vc_custom_1583413762540{margin-top: 10px !important;}&#8221;][vc_column width=&#8221;1\/3&#8243; css=&#8221;.vc_custom_1583413772471{padding-top: 20px !important;padding-right: 20px !important;padding-bottom: 20px !important;padding-left: 20px !important;background-color: #f7f7f7 !important;}&#8221; el_class=&#8221;custom_occupation&#8221;][vc_column_text css=&#8221;&#8221;]<span style=\"font-size: 14px; line-height: 1px; font-weight: 300;\"><strong>LOCATION<\/strong><br \/>\nDomaine C\u00f4t\u00e9 Bor\u00e9al<br \/>\nSainte-Marguerite-du-Lac-Masson<br \/>\n<strong>WATERSIDE<\/strong><br \/>\nPrivileged access to Lac Pich\u00e9<br \/>\n<strong>YEAR OF CONSTRUCTION<\/strong><br \/>\n2021<br \/>\n<strong>LOT SIZE<\/strong><br \/>\n1 acre (4,026.4 sq m \/ 43,339.8 sq ft)<br \/>\n<strong>LIVING AREA<\/strong><br \/>\n2,806 sq ft<br \/>\nGarden floor: 720 sq ft<br \/>\nGround floor: 1,106 sq ft<br \/>\nUpstairs: 980 sq ft<br \/>\n3 floors \/ 4 bedrooms \/ 3 bathrooms<br \/>\n<strong>COURTYARD ORIENTATION<\/strong><br \/>\nSouth-East<br \/>\n<strong>ENVELOPE<\/strong><br \/>\nEntrance door and side window (8 ft H))<br \/>\nHybrid windows<br \/>\nHybrid patio doors (8 ft H)<br \/>\nENERGY STAR<sup>\u00ae<\/sup> double and triple glazing<br \/>\nPine wood and cedar wood siding<br \/>\nSheet metal roof without visible screws<br \/>\n<strong>HEATING<\/strong><br \/>\nGarden floor: heated concrete slab<br \/>\nGround floor: heated concrete covering<br \/>\nUpstairs bathroom: heated floor<br \/>\nUpstairs bedrooms: electric baseboards<br \/>\n<strong>EQUIPMENT<\/strong><br \/>\nSt\u00fbv 16 wood stove, EPA 2020 certified<br \/>\nFantech brand heat recovery ventilator, model HERO<sup>\u00ae<\/sup> 150H (up to 80% heat recovery)<br \/>\nDrainvac brand central vacuum<br \/>\nECOPEAK<sup>\u00ae<\/sup> technology water heater<br \/>\nAuxiliary electrical panel for a generator<br \/>\nEnergy-efficient LED lighting<br \/>\nDedicated socket for electric car<br \/>\nHigh-speed Internet<br \/>\nHome automation (smart thermostats<br \/>\nwhich can be managed by application)<br \/>\nNetwork outlets in every room<br \/>\nProjector connection planned (home theater)<br \/>\n<strong>MUNICIPAL SERVICES<\/strong><br \/>\nCollection of residual materials<br \/>\n(recycling, compost, waste and bulky items)<br \/>\n<strong>SEPTIC SYSTEM<\/strong><br \/>\nAdvanced Enviro-Septic<sup>\u00ae<\/sup> treatment system<br \/>\n<strong>WATER SUPPLY<\/strong><br \/>\nArtesian well<br \/>\n<strong>ACTIVITIES<\/strong><br \/>\nIntegrated projects of the domain: swimming, canoeing, kayaking, paddleboarding, hiking, picnicking, cross-country skiing, snowshoeing, slides and hiking trails on the lake in winter<br \/>\n<strong>ROOM DIMENSIONS<\/strong><br \/>\n<strong>Garden floor<\/strong><br \/>\nEntrance: 5 ft x 12.1 ft<br \/>\nGarage: 17.5 ft x 20.5 ft<br \/>\nUtility room: 4.7 ft x 4.8 ft<br \/>\nWashroom with shower: 4.8 ft x 8.4 ft<br \/>\nLaundry room: 5.3 ft x 8.3 ft<br \/>\nLiving room: 20.5 ft x 20.5 ft<br \/>\n<strong>Ground floor<\/strong><br \/>\nEntrance hall: 6 ft x 10.5 ft<br \/>\nCloakroom: 5.8 ft x 8 ft<br \/>\nBedroom\/office: 10.1 ft x 10.8 ft<br \/>\nCloset: 2 ft x 6 ft<br \/>\nWashroom with shower: 5.7 ft x 10.8 ft<br \/>\nKitchen: 9.6 ft x 11.4 ft<br \/>\nDining room: 9.6 ft x 10.8 ft<br \/>\nLiving room: 12.2 ft x 30.1 ft<br \/>\n<strong>Upstairs<\/strong><br \/>\nMasters bedroom: 14 ft x 12 ft<br \/>\nWalk-in: 7.4 ft x 12 ft<br \/>\nBedroom: 10.8 ft x 14 ft<br \/>\nWalk-in: 4 ft x 8.5 ft<br \/>\nBedroom: 10.8 ft x 14 ft<br \/>\nWalk-in: 4 ft x 8.5 ft<br \/>\nBathroom: 9 ft x 10.8 ft<br \/>\n<strong>Exterior<\/strong><br \/>\nExterior terrace (east side): 10 ft x 11 ft<br \/>\nExterior terrace (south side): 13.5 ft x 21 ft<br \/>\nFuture greenhouse or veranda: 12 ft x 20 ft<br \/>\nExterior terrace (greenhouse or veranda): 8 ft x 14 ft<\/span>[\/vc_column_text][\/vc_column][vc_column width=&#8221;2\/3&#8243; el_class=&#8221;custom_lamesange&#8221;][vc_column_text]<\/p>\n<h1><strong>La Grive<\/strong><\/h1>\n<h2><strong>Contemporary architecture in the heart of nature<\/strong><\/h2>\n<p>[\/vc_column_text][vc_empty_space height=&#8221;50px&#8221;][vc_column_text css=&#8221;&#8221;]La Grive, a contemporary home featuring passive solar design, offers a bright, inviting, and comfortable living space in the heart of nature with privileged access to Lac Pich\u00e9.<\/p>\n<p>&nbsp;<\/p>\n<p>On the ground floor, we find a complete living space, including the kitchen, dining room, and open-concept living room with a 9-foot ceiling and a double-height space rising 25 feet featuring a St\u00fcv wood stove that creates a warm atmosphere. On the ground floor are also found a bedroom and a washroom with shower, with 9-foot high ceilings. An open staircase leads upstairs to three bedrooms with 15-foot high cathedral ceilings and a full bathroom with a freestanding bath and shower. At the garden level, we find a vast living room, a washroom with shower, and a laundry room with 9-foot high ceilings. There is also the possibility to create an enclosed space (bedroom or office) in this vast living space.<\/p>\n<p>&nbsp;<\/p>\n<p>Living at Domaine C\u00f4t\u00e9 Bor\u00e9al means choosing a living environment where you can, with family or friends, enjoy a host of outdoor activities throughout the seasons: swimming, canoeing, kayaking, boarding. paddleboarding, hiking, picnic, cross-country skiing, snowshoeing, slides and hiking trails on the lake in winter.[\/vc_column_text][vc_empty_space height=&#8221;52px&#8221;]<div class='q_icon_with_title medium custom_icon_image '><div class=\"icon_holder \" style=\" \"><img decoding=\"async\" src=\"https:\/\/biophile.ca\/wp-content\/uploads\/2019\/11\/Site.jpg\" alt=\"Ic\u00f4ne pour illustrer l&#039;implantation du site\"><\/div><div class=\"icon_text_holder\" style=\"\"><div class=\"icon_text_inner\" style=\"\"><h3 class=\"icon_title\" style=\"color: #58585c;font-weight: 300;\"><strong>IN THE HEART OF NATURE<\/strong><\/h3><p style='color: #58585c'><\/p><\/div><\/div><\/div>[vc_column_text css=&#8221;.vc_custom_1707751375479{margin-left: 96px !important;}&#8221;]This single-family house project is located in the heart of nature in a completely wooded environment, and offers privileged access to Lac Pich\u00e9.<\/p>\n<p>&nbsp;<\/p>\n<p>The open concept living spaces, master bedroom, and east-side terrace offer breathtaking panoramic views of the Laurentian horizon and magnificent sunrises. Throughout the seasons, splendid landscapes evolve, constantly renewed daily according to changing weather conditions.[\/vc_column_text][vc_empty_space height=&#8221;52px&#8221;]<div class='q_icon_with_title medium custom_icon_image '><div class=\"icon_holder \" style=\" \"><img decoding=\"async\" src=\"https:\/\/biophile.ca\/wp-content\/uploads\/2019\/11\/Contemporain.jpg\" alt=\"Ic\u00f4ne pour illustrer l&#039;architecture contemporaine\"><\/div><div class=\"icon_text_holder\" style=\"\"><div class=\"icon_text_inner\" style=\"\"><h3 class=\"icon_title\" style=\"color: #58585c;font-weight: 300;\"><strong>CONTEMPORARY ARCHITECTURE<\/strong><\/h3><p style='color: #58585c'><\/p><\/div><\/div><\/div>[vc_column_text css=&#8221;.vc_custom_1707646978265{margin-left: 96px !important;}&#8221;]The design reflects a contemporary architecture that stands out with its streamlined volume, noble materials, and a bright living space open to the outside.[\/vc_column_text][vc_empty_space height=&#8221;52px&#8221;]<div class='q_icon_with_title medium custom_icon_image '><div class=\"icon_holder \" style=\" \"><img decoding=\"async\" src=\"https:\/\/biophile.ca\/wp-content\/uploads\/2019\/11\/Nature.jpg\" alt=\"Ic\u00f4ne pour illustrer le lien avec la nature\"><\/div><div class=\"icon_text_holder\" style=\"\"><div class=\"icon_text_inner\" style=\"\"><h3 class=\"icon_title\" style=\"color: #58585c;font-weight: 300;\"><strong>DIRECT CONTACT WITH THE OUTDOOR<\/strong><\/h3><p style='color: #58585c'><\/p><\/div><\/div><\/div>[vc_column_text css=&#8221;.vc_custom_1718965903100{margin-left: 96px !important;}&#8221;]The living space extends outwards from the large openings on the ground floor, providing direct access to the courtyard and the terrace, allowing the occupants to enjoy the splendors of nature throughout the seasons. Panoramic windows and focused views allow stunning views of nature from all floors.<\/p>\n<p>&nbsp;<\/p>\n<p>In order to make the most of the vegetation all-year round, a wooden structure made up of garden planters extends from the first floor to the ground floor, then extends outwards as a vegetable garden, providing visual continuity from all levels. The addition of a future greenhouse or veranda adjacent to the house, with direct access from the living area, measuring 12 feet by 20 feet, is planned since the foundations and preparation of the exterior wall are already in place. Check out our blog post to learn more about the <a href=\"https:\/\/biophile.ca\/en\/why-not-build-a-greenhouse-adjacent-to-the-house\/\" target=\"_blank\" rel=\"noopener noreferrer\"><strong>construction of a greenhouse adjacent to the house<\/strong><\/a>.[\/vc_column_text][vc_empty_space height=&#8221;52px&#8221;]<div class='q_icon_with_title medium custom_icon_image '><div class=\"icon_holder \" style=\" \"><img decoding=\"async\" src=\"https:\/\/biophile.ca\/wp-content\/uploads\/2019\/11\/Enveloppe.jpg\" alt=\"Ic\u00f4ne pour illustrer l&#039;enveloppe d&#039;un b\u00e2timent\"><\/div><div class=\"icon_text_holder\" style=\"\"><div class=\"icon_text_inner\" style=\"\"><h3 class=\"icon_title\" style=\"color: #58585c;font-weight: 300;\"><strong>PASSIVE SOLAR DESIGN<\/strong><\/h3><p style='color: #58585c'><\/p><\/div><\/div><\/div>[vc_column_text css=&#8221;.vc_custom_1718965632749{margin-left: 96px !important;}&#8221;]The shape of the house stretches due south to make the most of the light and passive solar gain in winter thanks to abundant fenestration and a LEED concrete slab, with <a href=\"https:\/\/www.ecohabitation.com\/guides\/1565\/le-point-sur-le-beton-a-contenu-recycle\/\" target=\"_blank\" rel=\"noopener noreferrer\"><strong>recycled content<\/strong><\/a>, storing heat during the day and diffusing it at night, thus improving occupant comfort. Check out our blog post to learn more about <a href=\"https:\/\/biophile.ca\/en\/what-do-we-mean-by-passive-solar-design\/\" target=\"_blank\" rel=\"noopener noreferrer\"><strong>passive solar design<\/strong><\/a>.[\/vc_column_text][vc_empty_space height=&#8221;52px&#8221;]<div class='q_icon_with_title medium custom_icon_image '><div class=\"icon_holder \" style=\" \"><img decoding=\"async\" src=\"https:\/\/biophile.ca\/wp-content\/uploads\/2019\/11\/Efficacite.jpg\" alt=\"Ic\u00f4ne pour illustrer l&#039;efficacit\u00e9 \u00e9nerg\u00e9tique\"><\/div><div class=\"icon_text_holder\" style=\"\"><div class=\"icon_text_inner\" style=\"\"><h3 class=\"icon_title\" style=\"color: #58585c;font-weight: 300;\"><strong>ENERGY EFFICIENCY<\/strong><\/h3><p style='color: #58585c'><\/p><\/div><\/div><\/div>[vc_column_text css=&#8221;.vc_custom_1707647761758{margin-left: 96px !important;}&#8221;]The mechanical ventilation system recovers heat and contributes to occupant comfort. The water heating system provided by the <a href=\"http:\/\/www.hydroquebec.com\/residentiel\/mieux-consommer\/eau-chaude\/chauffe-eau.html\" target=\"_blank\" rel=\"noopener noreferrer\"><strong>ECOPEAK<sup>\u00ae<\/sup><\/strong><\/a> technology water heater makes it a responsible choice during peak periods[\/vc_column_text][vc_empty_space height=&#8221;52px&#8221;]<div class='q_icon_with_title medium custom_icon_image '><div class=\"icon_holder \" style=\" \"><img decoding=\"async\" src=\"https:\/\/biophile.ca\/wp-content\/uploads\/2019\/11\/Materiaux.jpg\" alt=\"Ic\u00f4ne pour illustrer les mat\u00e9riaux utilis\u00e9s dans la conception du b\u00e2timent\"><\/div><div class=\"icon_text_holder\" style=\"\"><div class=\"icon_text_inner\" style=\"\"><h3 class=\"icon_title\" style=\"color: #58585c;font-weight: 300;\"><strong>LOCAL, HEALTHY AND SUSTAINABLE MATERIALS<\/strong><\/h3><p style='color: #58585c'><\/p><\/div><\/div><\/div>[vc_column_text css=&#8221;.vc_custom_1707658622986{margin-left: 96px !important;}&#8221;]The materials for the cladding of exterior walls and sloping roofs, wood and <a href=\"https:\/\/www.ecohabitation.com\/guides\/2386\/une-toiture-durable-efficace-et-respectueuse-de-lenvironnement\/\" target=\"_blank\" rel=\"noopener noreferrer\"><strong>sheet metal<\/strong><\/a>, are genuine, recyclable, and have a longer lifespan. The materials used for the insulation of the walls and the roofing are composed of natural materials, namely the <a href=\"https:\/\/maisonsaine.ca\/construction-verte\/sonoclimat-eco4-un-panneau-isolant-quebecois-100-ecologique.html\" target=\"_blank\" rel=\"noopener noreferrer\"><strong>SONOclimat Eco4<\/strong><\/a> and R+ insulating panels made up of wood fiber, the <a href=\"https:\/\/www.ecohabitation.com\/guides\/2626\/isolant-naturel-la-cellulose\/\" target=\"_blank\" rel=\"noopener noreferrer\"><strong>cellulose<\/strong><\/a> from recycled newspaper, and the <a href=\"https:\/\/www.demilec.ca\/Accueil\/Produits\/Cellule-Fermee\/Airmetic-Soya.aspx\" target=\"_blank\" rel=\"noopener noreferrer\"><strong>Airm\u00e9tic<sup>\u00ae<\/sup> Soya<\/strong><\/a> insulating foam manufactured from soybean oil and recycled plastic bottles. SICO Ecosource brand interior paint with zero VOC formula ensures better indoor air quality.<\/p>\n<p>&nbsp;<\/p>\n<p><a href=\"https:\/\/www.uniboard.com\/en\/particleboard-nu-green\" target=\"_blank\" rel=\"noopener noreferrer\"><strong>NU Green 2<sup>\u00ae<\/sup><\/strong><\/a> panels, used for kitchen modules, are composed of raw ULEF particles, very low formaldehyde emission, FSC<sup>\u00ae<\/sup> and ECC certified, then contain 100% recycled and recovered wood fibers, pre-consumer.[\/vc_column_text][\/vc_column][\/vc_row][vc_row css_animation=&#8221;&#8221; row_type=&#8221;row&#8221; use_row_as_full_screen_section=&#8221;no&#8221; type=&#8221;full_width&#8221; angled_section=&#8221;no&#8221; text_align=&#8221;left&#8221; background_image_as_pattern=&#8221;without_pattern&#8221; z_index=&#8221;&#8221; anchor=&#8221;carte&#8221;][vc_column][vc_empty_space height=&#8221;50px&#8221;][\/vc_column][\/vc_row]<\/p>\n<\/div>","protected":false},"excerpt":{"rendered":"<p>[vc_row css_animation=&#8221;&#8221; row_type=&#8221;row&#8221; use_row_as_full_screen_section=&#8221;no&#8221; type=&#8221;full_width&#8221; angled_section=&#8221;no&#8221; text_align=&#8221;left&#8221; background_image_as_pattern=&#8221;without_pattern&#8221; z_index=&#8221;&#8221; anchor=&#8221;intro&#8221;][vc_column][vc_empty_space height=&#8221;50px&#8221; el_class=&#8221;custom-space-project&#8221;][\/vc_column][\/vc_row][vc_row css_animation=&#8221;&#8221; row_type=&#8221;row&#8221; use_row_as_full_screen_section=&#8221;no&#8221; type=&#8221;grid&#8221; angled_section=&#8221;no&#8221; text_align=&#8221;left&#8221; background_image_as_pattern=&#8221;without_pattern&#8221; css=&#8221;.vc_custom_1633296275707{margin-top: -50px !important;}&#8221; z_index=&#8221;&#8221; el_class=&#8221;custom_left_align_mob&#8221; padding_top=&#8221;50&#8243;][vc_column width=&#8221;1\/2&#8243;][vc_column_text]129 des Quatre-vents Street (dead-end street) Sainte-Marguerite-du-Lac-Masson, Quebec\u00a0\u00a0J0T 1L0[\/vc_column_text][vc_empty_space height=&#8221;47px&#8221;][vc_column_text el_class=&#8221;custom_montreal&#8221;]One hour from Montreal[\/vc_column_text][vc_column_text el_class=&#8221;custom_montreal&#8221;]Privileged access to Lac Pich\u00e9[\/vc_column_text][vc_empty_space height=&#8221;30px&#8221;][\/vc_column][vc_column&#8230;<\/p>\n","protected":false},"author":1,"featured_media":0,"parent":0,"menu_order":0,"comment_status":"closed","ping_status":"closed","template":"full_width.php","meta":{"footnotes":""},"class_list":["post-2624","page","type-page","status-publish","hentry"],"_links":{"self":[{"href":"https:\/\/biophile.ca\/en\/wp-json\/wp\/v2\/pages\/2624","targetHints":{"allow":["GET"]}}],"collection":[{"href":"https:\/\/biophile.ca\/en\/wp-json\/wp\/v2\/pages"}],"about":[{"href":"https:\/\/biophile.ca\/en\/wp-json\/wp\/v2\/types\/page"}],"author":[{"embeddable":true,"href":"https:\/\/biophile.ca\/en\/wp-json\/wp\/v2\/users\/1"}],"replies":[{"embeddable":true,"href":"https:\/\/biophile.ca\/en\/wp-json\/wp\/v2\/comments?post=2624"}],"version-history":[{"count":45,"href":"https:\/\/biophile.ca\/en\/wp-json\/wp\/v2\/pages\/2624\/revisions"}],"predecessor-version":[{"id":4434,"href":"https:\/\/biophile.ca\/en\/wp-json\/wp\/v2\/pages\/2624\/revisions\/4434"}],"wp:attachment":[{"href":"https:\/\/biophile.ca\/en\/wp-json\/wp\/v2\/media?parent=2624"}],"curies":[{"name":"wp","href":"https:\/\/api.w.org\/{rel}","templated":true}]}}