{"id":1106,"date":"2020-08-29T02:30:18","date_gmt":"2020-08-28T22:30:18","guid":{"rendered":"https:\/\/biophile.ca\/?page_id=1106"},"modified":"2024-03-18T14:42:19","modified_gmt":"2024-03-18T10:42:19","slug":"le-colibri-project","status":"publish","type":"page","link":"https:\/\/biophile.ca\/en\/le-colibri-project\/","title":{"rendered":"Le Colibri"},"content":{"rendered":"<div class=\"wpb-content-wrapper\"><p>[vc_row css_animation=&#8221;&#8221; row_type=&#8221;row&#8221; use_row_as_full_screen_section=&#8221;no&#8221; type=&#8221;full_width&#8221; angled_section=&#8221;no&#8221; text_align=&#8221;left&#8221; background_image_as_pattern=&#8221;without_pattern&#8221; z_index=&#8221;&#8221; anchor=&#8221;intro&#8221;][vc_column][vc_empty_space height=&#8221;50px&#8221; el_class=&#8221;custom-space-project&#8221;][\/vc_column][\/vc_row][vc_row css_animation=&#8221;&#8221; row_type=&#8221;row&#8221; use_row_as_full_screen_section=&#8221;no&#8221; type=&#8221;grid&#8221; angled_section=&#8221;no&#8221; text_align=&#8221;left&#8221; background_image_as_pattern=&#8221;without_pattern&#8221; z_index=&#8221;&#8221; el_class=&#8221;custom_left_align_mob&#8221;][vc_column width=&#8221;1\/2&#8243;][vc_column_text]<strong>128 Des Quatre-vents Street (dead-end street)<\/strong><br \/>\n<strong>Sainte-Marguerite-du-Lac-Masson, Quebec\u00a0 J0T 1L0<\/strong>[\/vc_column_text][vc_empty_space height=&#8221;30px&#8221;][\/vc_column][vc_column width=&#8221;1\/2&#8243; el_class=&#8221;custom_prix&#8221;][vc_column_text el_class=&#8221;custom_prix_mob&#8221;]<\/p>\n<p style=\"text-align: right;\"><span style=\"color: #000;\"><strong>CONTEMPORARY ARCHITECTURE<\/strong><br \/>\n<strong>1 ACRE OF LAND<\/strong><\/span><\/p>\n<p>[\/vc_column_text][vc_empty_space height=&#8221;12px&#8221;][vc_row_inner row_type=&#8221;row&#8221; type=&#8221;full_width&#8221; text_align=&#8221;left&#8221; css_animation=&#8221;&#8221;][vc_column_inner width=&#8221;1\/4&#8243;][\/vc_column_inner][vc_column_inner width=&#8221;1\/4&#8243; css=&#8221;.vc_custom_1574796724314{margin-left: px !important;}&#8221; offset=&#8221;vc_col-xs-4&#8243;]<div class='q_icon_with_title small custom_icon_image right '><div class=\"icon_holder \" style=\" \"><img decoding=\"async\" src=\"https:\/\/biophile.ca\/wp-content\/uploads\/2019\/11\/CAC.jpg\" alt=\"Ic\u00f4ne pour identifier le nombre de chambres \u00e0 coucher\"><\/div><div class=\"icon_text_holder\" style=\"\"><div class=\"icon_text_inner\" style=\"\"><h4 class=\"icon_title\" style=\"\"><strong>4<\/strong><\/h4><p style=''><\/p><\/div><\/div><\/div>[\/vc_column_inner][vc_column_inner width=&#8221;1\/4&#8243; css=&#8221;.vc_custom_1574796734750{margin-left: px !important;}&#8221; offset=&#8221;vc_col-xs-4&#8243;]<div class='q_icon_with_title small custom_icon_image right '><div class=\"icon_holder \" style=\" \"><img decoding=\"async\" src=\"https:\/\/biophile.ca\/wp-content\/uploads\/2019\/11\/SDB.jpg\" alt=\"Ic\u00f4ne pour identifier le nombre de salles de bain\"><\/div><div class=\"icon_text_holder\" style=\"\"><div class=\"icon_text_inner\" style=\"\"><h4 class=\"icon_title\" style=\"color: #58585c;\"><strong>2<\/strong><\/h4><p style=''><\/p><\/div><\/div><\/div>[\/vc_column_inner][vc_column_inner width=&#8221;1\/4&#8243; offset=&#8221;vc_col-xs-4&#8243;]<div class='q_icon_with_title tiny custom_icon_image right '><div class=\"icon_holder \" style=\" \"><img decoding=\"async\" src=\"https:\/\/biophile.ca\/wp-content\/uploads\/2019\/11\/Etages.jpg\" alt=\"Ic\u00f4ne pour identifier le nombre d&#039;\u00e9tages du b\u00e2timent\"><\/div><div class=\"icon_text_holder\" style=\"\"><div class=\"icon_text_inner\" style=\"\"><h4 class=\"icon_title\" style=\"color: #58585c;\"><strong>2<\/strong><\/h4><p style=''><\/p><\/div><\/div><\/div>[\/vc_column_inner][\/vc_row_inner][vc_empty_space height=&#8221;15px&#8221;][\/vc_column][\/vc_row][vc_row css_animation=&#8221;&#8221; row_type=&#8221;row&#8221; use_row_as_full_screen_section=&#8221;no&#8221; type=&#8221;grid&#8221; angled_section=&#8221;no&#8221; text_align=&#8221;left&#8221; background_image_as_pattern=&#8221;without_pattern&#8221; z_index=&#8221;&#8221; el_class=&#8221;full_width_mobile&#8221;][vc_column][vc_empty_space height=&#8221;20px&#8221; el_class=&#8221;custom_imageslider_empty_space&#8221;][layerslider_vc id=&#8221;9&#8243;][vc_empty_space height=&#8221;160px&#8221; el_class=&#8221;custom_space_layerslider&#8221;][\/vc_column][\/vc_row][vc_row css_animation=&#8221;&#8221; row_type=&#8221;row&#8221; use_row_as_full_screen_section=&#8221;no&#8221; type=&#8221;grid&#8221; angled_section=&#8221;no&#8221; text_align=&#8221;left&#8221; background_image_as_pattern=&#8221;without_pattern&#8221; z_index=&#8221;&#8221; css=&#8221;.vc_custom_1583413762540{margin-top: 10px !important;}&#8221;][vc_column width=&#8221;1\/3&#8243; css=&#8221;.vc_custom_1583413772471{padding-top: 20px !important;padding-right: 20px !important;padding-bottom: 20px !important;padding-left: 20px !important;background-color: #f7f7f7 !important;}&#8221; el_class=&#8221;custom_occupation&#8221;][vc_column_text]<span style=\"font-size: 14px; line-height: 1px; font-weight: 300;\"><strong>LOCATION<\/strong><br \/>\nDomaine C\u00f4t\u00e9 Bor\u00e9al<br \/>\nSainte-Marguerite-du-Lac-Masson<br \/>\n<strong>WATERSIDE<\/strong><br \/>\nPrivileged access to Lac Pich\u00e9<br \/>\n<strong>LOT SIZE<\/strong><br \/>\n1 acre (4,163.2 sq m \/ 44,812.3 sq ft)<br \/>\n<strong>LIVING AREA<\/strong><br \/>\n2,060 sq ft<br \/>\nGround floor: 1,143 sq ft \/ Upstairs: 917 sq ft<br \/>\n2 floors \/ 4 bedrooms \/ 2 bathrooms<br \/>\n<strong>COURTYARD ORIENTATION<\/strong><br \/>\nSouth<br \/>\n<strong>ENVELOPE<\/strong><br \/>\nEntrance door and side window (8 ft H)<br \/>\nHybrid windows (6 ft H)<br \/>\nHybrid patio doors (8 ft H)<br \/>\nENERGY STAR<sup>\u00ae<\/sup> triple glazing<br \/>\nPine wood siding<br \/>\nSheet metal roof without visible screws<br \/>\nGreen roof in LiveRoof<sup>\u00ae<\/sup> modules<br \/>\n<strong>HEATING<\/strong><br \/>\nGround floor &#8211; Heated concrete slab \/ Upstairs &#8211; Bathroom: heated floor &#8211; Bedrooms: electric baseboards<br \/>\n<strong>EQUIPMENT<\/strong><br \/>\nSt\u00fbv 30 wood stove, EPA 2020 certified<br \/>\nV\u00e4nEE brand heat recovery ventilator, model\u00a090H-V+ (up to 84% heat recovery)<br \/>\nECOPEAK<sup>\u00ae<\/sup> technology water heater<br \/>\nEnergy-efficient LED lighting<br \/>\nDedicated socket for electric car<br \/>\nHigh-speed Internet available<br \/>\nDrainvac brand central vacuum<br \/>\n<strong>MUNICIPAL SERVICES<\/strong><br \/>\nCollection of residual materials<br \/>\n(recycling, compost, waste and bulky items)<br \/>\n<strong>SEPTIC SYSTEM<\/strong><br \/>\nSeptic tank and traditional purification field<br \/>\n<strong>WATER SUPPLY<\/strong><br \/>\nArtesian well<br \/>\n<strong>ACTIVITIES<\/strong><br \/>\nIntegrated projects of the domain: swimming, canoeing, kayaking, paddleboarding, hiking, picnicking, cross-country skiing, snowshoeing, slides and hiking trails on the lake in winter<br \/>\n<strong>ROOM DIMENSIONS<\/strong><br \/>\n<strong>Ground floor<\/strong><br \/>\nEntrance: 12 ft x 11 ft<br \/>\nCloakroom: 8.7 ft x 4.5 ft<br \/>\nLiving room: 13.5 ft x 14.1 ft<br \/>\nDining room: 13.5 ft x 14.1 ft<br \/>\nKitchen: 13 ft x 14.1 ft<br \/>\nLaundry room \/ electromechanical room: 3 ft x 10.4 ft<br \/>\nWashroom with shower: 5 ft x 10.4 ft<br \/>\nBedroom: 12.5 ft x 10.4 ft<br \/>\n<strong>Upstairs<\/strong><br \/>\nBedroom: 12.1 ft x 10.5 ft<br \/>\nBedroom: 12.1 ft x 10 ft<br \/>\nBedroom: 12.1 ft x 10 ft<br \/>\nLiving room: 13.8 ft x 12 ft<br \/>\nBathroom: 7.3 ft x 9.8 ft<br \/>\n<strong>Exterior<\/strong><br \/>\nExterior terrace: 12 ft x 40 ft<br \/>\nBalcony: 12 ft x 11 ft<br \/>\nAttached garage: 20 ft x 16 ft<br \/>\nVehicular entrance: double width<\/span>[\/vc_column_text][\/vc_column][vc_column width=&#8221;2\/3&#8243; el_class=&#8221;custom_lamesange&#8221;][vc_column_text]<\/p>\n<h1><strong>Le Colibri<br \/>\n<\/strong><\/h1>\n<h2><strong>Contemporary architecture in the heart of nature<\/strong><\/h2>\n<p>[\/vc_column_text][vc_empty_space height=&#8221;30px&#8221;][vc_column_text]This new concept with a passive solar design offers a bright, inviting and comfortable living environment in the heart of nature, with privileged access to Lac Pich\u00e9. Living at Domaine C\u00f4t\u00e9 Bor\u00e9al means choosing a living environment where you can, with family or friends, enjoy a host of outdoor activities throughout the seasons: swimming, canoeing, kayaking, paddleboarding, hiking, picnic, cross-country skiing, snowshoeing, slides and hiking trails on the lake in winter.[\/vc_column_text][vc_empty_space height=&#8221;50px&#8221;]<div class='q_icon_with_title medium custom_icon_image '><div class=\"icon_holder \" style=\" \"><img decoding=\"async\" src=\"https:\/\/biophile.ca\/wp-content\/uploads\/2019\/11\/Site.jpg\" alt=\"Ic\u00f4ne pour illustrer l&#039;implantation du site\"><\/div><div class=\"icon_text_holder\" style=\"\"><div class=\"icon_text_inner\" style=\"\"><h3 class=\"icon_title\" style=\"color: #58585c;font-weight: 300;\"><strong>IN THE HEART OF NATURE<\/strong><\/h3><p style='color: #58585c'><\/p><\/div><\/div><\/div>[vc_column_text el_class=&#8221;custom_features&#8221;]<span class=\"tlid-translation translation\" lang=\"en\"><span class=\"\" title=\"\">This single-family house project is located in the heart of nature in a completely wooded environment, and offers privileged access to Lac Pich\u00e9.<\/span><\/span>[\/vc_column_text][vc_empty_space height=&#8221;40px&#8221;]<div class='q_icon_with_title medium custom_icon_image '><div class=\"icon_holder \" style=\" \"><img decoding=\"async\" src=\"https:\/\/biophile.ca\/wp-content\/uploads\/2019\/11\/Contemporain.jpg\" alt=\"Ic\u00f4ne pour illustrer l&#039;architecture contemporaine\"><\/div><div class=\"icon_text_holder\" style=\"\"><div class=\"icon_text_inner\" style=\"\"><h3 class=\"icon_title\" style=\"color: #58585c;font-weight: 300;\"><strong>CONTEMPORARY ARCHITECTURE<\/strong><\/h3><p style='color: #58585c'><\/p><\/div><\/div><\/div>[vc_column_text el_class=&#8221;custom_features&#8221;]The design reflects a contemporary architecture that stands out with its streamlined volume, noble materials, and a bright living space open to the outside.[\/vc_column_text][vc_empty_space height=&#8221;40px&#8221;]<div class='q_icon_with_title medium custom_icon_image '><div class=\"icon_holder \" style=\" \"><img decoding=\"async\" src=\"https:\/\/biophile.ca\/wp-content\/uploads\/2019\/11\/Nature.jpg\" alt=\"Ic\u00f4ne pour illustrer le lien avec la nature\"><\/div><div class=\"icon_text_holder\" style=\"\"><div class=\"icon_text_inner\" style=\"\"><h3 class=\"icon_title\" style=\"color: #58585c;font-weight: 300;\"><strong>DIRECT CONTACT WITH THE OUTDOOR<\/strong><\/h3><p style='color: #58585c'><\/p><\/div><\/div><\/div>[vc_column_text el_class=&#8221;custom_features&#8221;]The living space extends outwards from the large openings on the ground floor, providing direct access to the courtyard and the covered terrace, allowing the occupants to enjoy the splendors of nature throughout the seasons. Panoramic windows and focused views allow stunning views of nature from all floors.[\/vc_column_text][vc_empty_space height=&#8221;40px&#8221;]<div class='q_icon_with_title medium custom_icon_image '><div class=\"icon_holder \" style=\" \"><img decoding=\"async\" src=\"https:\/\/biophile.ca\/wp-content\/uploads\/2019\/11\/Enveloppe.jpg\" alt=\"Ic\u00f4ne pour illustrer l&#039;enveloppe d&#039;un b\u00e2timent\"><\/div><div class=\"icon_text_holder\" style=\"\"><div class=\"icon_text_inner\" style=\"\"><h3 class=\"icon_title\" style=\"color: #58585c;font-weight: 300;\"><strong>PASSIVE SOLAR DESIGN<\/strong><\/h3><p style='color: #58585c'><\/p><\/div><\/div><\/div>[vc_column_text el_class=&#8221;custom_features&#8221;]The shape of the house stretches due south to make the most of the light and passive solar gain in winter thanks to abundant fenestration and a LEED concrete slab, with <a href=\"https:\/\/www.ecohabitation.com\/guides\/1565\/le-point-sur-le-beton-a-contenu-recycle\/\" target=\"_blank\" rel=\"noopener noreferrer\"><strong>recycled content<\/strong><\/a>, storing heat during the day and diffusing it at night, thus improving occupant comfort. Check out our <a href=\"https:\/\/biophile.ca\/en\/what-do-we-mean-by-passive-solar-design\/\" target=\"_blank\" rel=\"noopener noreferrer\"><strong>blog post<\/strong><\/a> to learn more about passive solar design.[\/vc_column_text][vc_empty_space height=&#8221;40px&#8221;]<div class='q_icon_with_title medium custom_icon_image '><div class=\"icon_holder \" style=\" \"><img decoding=\"async\" src=\"https:\/\/biophile.ca\/wp-content\/uploads\/2019\/11\/Efficacite.jpg\" alt=\"Ic\u00f4ne pour illustrer l&#039;efficacit\u00e9 \u00e9nerg\u00e9tique\"><\/div><div class=\"icon_text_holder\" style=\"\"><div class=\"icon_text_inner\" style=\"\"><h3 class=\"icon_title\" style=\"color: #58585c;font-weight: 300;\"><strong>ENERGY EFFICIENCY<\/strong><\/h3><p style='color: #58585c'><\/p><\/div><\/div><\/div>[vc_column_text el_class=&#8221;custom_features&#8221;]The <a href=\"https:\/\/www.ecohabitation.com\/guides\/3284\/produit-du-mois-une-dalle-pour-maisons-passives\/\" target=\"_blank\" rel=\"noopener noreferrer\"><strong>Iso-Slab<\/strong><\/a> system, with high energy efficiency for the insulation of the concrete slab, preserves the site by limiting its excavation to a minimum. The mechanical ventilation system recovers heat and contributes to occupant comfort. An<a href=\"http:\/\/www.testinfiltrometrie.ca\/inspection-infiltration.php\" target=\"_blank\" rel=\"noopener noreferrer\"><strong> infiltrometry test<\/strong><\/a>, meeting the requirements of the Novoclimat program, is carried out to ensure the airtightness of the house and its energy efficiency. The water heating system provided by the <a href=\"http:\/\/www.hydroquebec.com\/residentiel\/mieux-consommer\/eau-chaude\/chauffe-eau.html\" target=\"_blank\" rel=\"noopener noreferrer\"><strong>ECOPEAK<sup>\u00ae<\/sup><\/strong><\/a> technology water heater makes it a responsible choice during peak periods.[\/vc_column_text][vc_empty_space height=&#8221;40px&#8221;]<div class='q_icon_with_title medium custom_icon_image '><div class=\"icon_holder \" style=\" \"><img decoding=\"async\" src=\"https:\/\/biophile.ca\/wp-content\/uploads\/2019\/11\/Materiaux.jpg\" alt=\"Ic\u00f4ne pour illustrer les mat\u00e9riaux utilis\u00e9s dans la conception du b\u00e2timent\"><\/div><div class=\"icon_text_holder\" style=\"\"><div class=\"icon_text_inner\" style=\"\"><h3 class=\"icon_title\" style=\"color: #58585c;font-weight: 300;\"><strong>LOCAL, HEALTHY AND SUSTAINABLE MATERIALS<\/strong><\/h3><p style='color: #58585c'><\/p><\/div><\/div><\/div>[vc_column_text el_class=&#8221;custom_features&#8221;]The materials for the cladding of exterior walls and sloping roofs, wood and <a href=\"https:\/\/www.ecohabitation.com\/guides\/2386\/une-toiture-durable-efficace-et-respectueuse-de-lenvironnement\/\" target=\"_blank\" rel=\"noopener noreferrer\"><strong>sheet metal<\/strong><\/a>, are genuine, recyclable, and have a longer lifespan. The materials used for the insulation of the walls and the roofing are composed of natural materials, namely the <a href=\"https:\/\/maisonsaine.ca\/construction-verte\/sonoclimat-eco4-un-panneau-isolant-quebecois-100-ecologique.html\" target=\"_blank\" rel=\"noopener noreferrer\"><strong>SONOclimat Eco4<\/strong><\/a> and R+ insulating panels made up of wood fiber, the <a href=\"https:\/\/www.ecohabitation.com\/guides\/2626\/isolant-naturel-la-cellulose\/\" target=\"_blank\" rel=\"noopener noreferrer\"><strong>cellulose<\/strong><\/a> from recycled newspaper, and the <a href=\"https:\/\/www.demilec.ca\/Accueil\/Produits\/Cellule-Fermee\/Airmetic-Soya.aspx\" target=\"_blank\" rel=\"noopener noreferrer\"><strong>Airm\u00e9tic<sup>\u00ae<\/sup> Soya<\/strong><\/a> insulating foam manufactured from soybean oil and recycled plastic bottles. SICO Ecosource brand interior paint with zero VOC formula ensures better indoor air quality.<\/p>\n<p>&nbsp;<\/p>\n<p><a href=\"https:\/\/www.uniboard.com\/en\/particleboard-nu-green\" target=\"_blank\" rel=\"noopener noreferrer\"><strong>NU Green 2<sup>\u00ae<\/sup><\/strong><\/a> panels, used for kitchen modules, are composed of raw ULEF particles, very low formaldehyde emission, FSC<sup>\u00ae<\/sup> and ECC certified, then contain 100% recycled and recovered wood fibers, pre-consumer.\u00a0The panels are protected by Ligna Bio-Supra quality natural oil, without solvent or VOC.[\/vc_column_text][vc_row_inner row_type=&#8221;row&#8221; type=&#8221;full_width&#8221; text_align=&#8221;left&#8221; css_animation=&#8221;&#8221; css=&#8221;.vc_custom_1598618986627{margin-right: 50px !important;margin-left: 96px !important;}&#8221;][vc_column_inner width=&#8221;1\/3&#8243;][vc_empty_space height=&#8221;74&#8243;][vc_single_image image=&#8221;1066&#8243; img_size=&#8221;198&#215;85&#8243; alignment=&#8221;center&#8221; qode_css_animation=&#8221;&#8221;][vc_empty_space height=&#8221;24px&#8221;][\/vc_column_inner][vc_column_inner width=&#8221;1\/3&#8243;][\/vc_column_inner][vc_column_inner width=&#8221;1\/3&#8243;][\/vc_column_inner][\/vc_row_inner][\/vc_column][\/vc_row][vc_row css_animation=&#8221;&#8221; row_type=&#8221;row&#8221; use_row_as_full_screen_section=&#8221;no&#8221; type=&#8221;full_width&#8221; angled_section=&#8221;no&#8221; text_align=&#8221;left&#8221; background_image_as_pattern=&#8221;without_pattern&#8221; z_index=&#8221;&#8221; anchor=&#8221;map&#8221;][vc_column][vc_empty_space height=&#8221;70px&#8221;][\/vc_column][\/vc_row]<\/p>\n<\/div>","protected":false},"excerpt":{"rendered":"<p>[vc_row css_animation=&#8221;&#8221; row_type=&#8221;row&#8221; use_row_as_full_screen_section=&#8221;no&#8221; type=&#8221;full_width&#8221; angled_section=&#8221;no&#8221; text_align=&#8221;left&#8221; background_image_as_pattern=&#8221;without_pattern&#8221; z_index=&#8221;&#8221; anchor=&#8221;intro&#8221;][vc_column][vc_empty_space height=&#8221;50px&#8221; el_class=&#8221;custom-space-project&#8221;][\/vc_column][\/vc_row][vc_row css_animation=&#8221;&#8221; row_type=&#8221;row&#8221; use_row_as_full_screen_section=&#8221;no&#8221; type=&#8221;grid&#8221; angled_section=&#8221;no&#8221; text_align=&#8221;left&#8221; background_image_as_pattern=&#8221;without_pattern&#8221; z_index=&#8221;&#8221; el_class=&#8221;custom_left_align_mob&#8221;][vc_column width=&#8221;1\/2&#8243;][vc_column_text]128 Des Quatre-vents Street (dead-end street) Sainte-Marguerite-du-Lac-Masson, Quebec\u00a0 J0T 1L0[\/vc_column_text][vc_empty_space height=&#8221;30px&#8221;][\/vc_column][vc_column width=&#8221;1\/2&#8243; el_class=&#8221;custom_prix&#8221;][vc_column_text el_class=&#8221;custom_prix_mob&#8221;] CONTEMPORARY ARCHITECTURE 1 ACRE OF LAND [\/vc_column_text][vc_empty_space height=&#8221;12px&#8221;][vc_row_inner row_type=&#8221;row&#8221; type=&#8221;full_width&#8221;&#8230;<\/p>\n","protected":false},"author":1,"featured_media":0,"parent":0,"menu_order":0,"comment_status":"closed","ping_status":"closed","template":"full_width.php","meta":{"footnotes":""},"class_list":["post-1106","page","type-page","status-publish","hentry"],"_links":{"self":[{"href":"https:\/\/biophile.ca\/en\/wp-json\/wp\/v2\/pages\/1106","targetHints":{"allow":["GET"]}}],"collection":[{"href":"https:\/\/biophile.ca\/en\/wp-json\/wp\/v2\/pages"}],"about":[{"href":"https:\/\/biophile.ca\/en\/wp-json\/wp\/v2\/types\/page"}],"author":[{"embeddable":true,"href":"https:\/\/biophile.ca\/en\/wp-json\/wp\/v2\/users\/1"}],"replies":[{"embeddable":true,"href":"https:\/\/biophile.ca\/en\/wp-json\/wp\/v2\/comments?post=1106"}],"version-history":[{"count":77,"href":"https:\/\/biophile.ca\/en\/wp-json\/wp\/v2\/pages\/1106\/revisions"}],"predecessor-version":[{"id":2714,"href":"https:\/\/biophile.ca\/en\/wp-json\/wp\/v2\/pages\/1106\/revisions\/2714"}],"wp:attachment":[{"href":"https:\/\/biophile.ca\/en\/wp-json\/wp\/v2\/media?parent=1106"}],"curies":[{"name":"wp","href":"https:\/\/api.w.org\/{rel}","templated":true}]}}